{"id":4439,"date":"2022-04-28T18:22:20","date_gmt":"2022-04-28T22:22:20","guid":{"rendered":"https:\/\/notiexpress.com.bo\/?page_id=4439"},"modified":"2022-04-28T18:22:21","modified_gmt":"2022-04-28T22:22:21","slug":"los-hijos-de-jhovana-victima-de-feminicidio-recuperaron-sus-mascotas-para-mitigar-su-dolor","status":"publish","type":"page","link":"https:\/\/notiexpress.com.bo\/index.php\/los-hijos-de-jhovana-victima-de-feminicidio-recuperaron-sus-mascotas-para-mitigar-su-dolor\/","title":{"rendered":"Los hijos de Jhovana, v\u00edctima de feminicidio, recuperaron sus mascotas para mitigar su dolor"},"content":{"rendered":"\n<p>En Cochabamba, se estima que, cada a\u00f1o, al menos 20 ni\u00f1os, ni\u00f1as y adolescentes se quedan hu\u00e9rfanos por feminicidio.<\/p>\n\n\n\n<p><\/p>\n\n\n\n<div class=\"wp-block-image\"><figure class=\"aligncenter size-large\"><img decoding=\"async\" src=\"https:\/\/notiexpress.com.bo\/wp-content\/uploads\/2022\/04\/2022042816585581023-1024x576.jpg\" alt=\"\" class=\"wp-image-4440\"\/><figcaption>Los hijos de Jhovana, v\u00edctima de feminicidio, recuperaron sus mascotas para mitigar su dolor.<\/figcaption><\/figure><\/div>\n\n\n\n<p>Los ni\u00f1os de Jhovana, v\u00edctima de feminicidio, se reunieron con sus mascotas la tarde de este jueves, despu\u00e9s de varios d\u00edas de no haber estado juntos. La recuperaci\u00f3n de los canes, patos y gallinas es&nbsp;una forma de mitigar el dolor de los peque\u00f1os por haber perdido a su madre y despu\u00e9s a su padre (preso por el delito).<\/p>\n\n\n\n<p>Los cinco menores estaban desesperados por tener a sus mascotas, despu\u00e9s de haberse anoticiado de la tr\u00e1gica noticia.<\/p>\n\n\n\n<p>En un principio, los dirigentes de la zona de Alto Arrumani se opon\u00edan a la entrega de las mascotas. Sin embargo, accedieron despu\u00e9s de que la abogada del Observatorio de Justicia de la Fundaci\u00f3n Voces Libres, Mercedes Cortez, dialogara&nbsp;con ellos y llevara a&nbsp;los animalitos hasta el hogar de acogida donde est\u00e1n los peque\u00f1os.<\/p>\n\n\n\n<p>Abrazos y unas lamidas en sus rostros fueron las primeras muestras de cari\u00f1o que recibieron los peque\u00f1os, despu\u00e9s de varios d\u00edas de tristeza e incertidumbre, tras la tr\u00e1gica muerte de su madre.<\/p>\n\n\n\n<p>Los ni\u00f1os gritaron sorprendidos al abrir los ojos y ver a sus &#8216;amigos fieles&#8217;, sonrieron y no dejaban de abrazar y besar a los canes. Luego recibieron a sus otros animales con el mismo cari\u00f1o.<\/p>\n\n\n\n<p>\u00abLes promet\u00ed que tendr\u00edan a sus mascotas con ellos. Es lo m\u00ednimo que pod\u00edamos hacer para que estos ni\u00f1os sientan que est\u00e1n en casa, que no lo han perdido todo y que hay esperanza, que hay motivos para sonre\u00edr\u00bb, describi\u00f3 Cortez.<\/p>\n\n\n\n<p>Se estima que, en Cochabamba, cada a\u00f1o, al menos 20 ni\u00f1os, ni\u00f1as y adolescentes se quedan hu\u00e9rfanos por feminicidio. \u00abNo tenemos las cifras exactas porque no existe un registro y no se sabe en qu\u00e9 condiciones viven los hijos de las mujeres asesinadas en los \u00faltimos nueve a\u00f1os, si comen, si estudian, si han sanado sus heridas. Ese es un reto que hay que asumir en alg\u00fan momento\u00bb, dijo la abogada.<\/p>\n\n\n\n<p><strong>FEMINICIDIO<\/strong><br>Jhovana Ch\u00e1vez, de 34 a\u00f1os, es una joven madre de cinco menores que fue asesinada por \u00c1ngel Beltr\u00e1n, el hombre con el que form\u00f3 una familia y conviv\u00eda en Alto Arrumani. Muri\u00f3&nbsp;la madrugada del domingo en su domicilio en la zona sur de Cochabamba. Fue enterrada el martes en el cementerio de K&#8217;ara K&#8217;ara.<\/p>\n\n\n\n<p>\u00c1ngel, su concubino, confes\u00f3 el delito ante las autoridades policiales. Luego de intentar quitarse la vida y no conseguir su cometido, el feminicida confeso se present\u00f3 en la Fuerza Especial de Lucha Contra el Crimen (FELCC). All\u00ed reconoci\u00f3 el crimen en contra de la madre de sus hijos. Su caso, posteriormente, fue derivado a la Fuerza Especial de Lucha Contra la Violencia (FELCV).<\/p>\n","protected":false},"excerpt":{"rendered":"<p>En Cochabamba, se estima que, cada a\u00f1o, al menos 20 ni\u00f1os, ni\u00f1as y adolescentes se quedan hu\u00e9rfanos por feminicidio. Los ni\u00f1os de Jhovana, v\u00edctima de feminicidio, se reunieron con sus mascotas la tarde de este jueves, despu\u00e9s de varios d\u00edas de no haber estado juntos. La recuperaci\u00f3n de los canes, patos y gallinas es&nbsp;una forma [&hellip;]<\/p>\n","protected":false},"author":1,"featured_media":0,"parent":0,"menu_order":0,"comment_status":"closed","ping_status":"closed","template":"","meta":{"footnotes":""},"class_list":["post-4439","page","type-page","status-publish","hentry"],"_links":{"self":[{"href":"https:\/\/notiexpress.com.bo\/index.php\/wp-json\/wp\/v2\/pages\/4439","targetHints":{"allow":["GET"]}}],"collection":[{"href":"https:\/\/notiexpress.com.bo\/index.php\/wp-json\/wp\/v2\/pages"}],"about":[{"href":"https:\/\/notiexpress.com.bo\/index.php\/wp-json\/wp\/v2\/types\/page"}],"author":[{"embeddable":true,"href":"https:\/\/notiexpress.com.bo\/index.php\/wp-json\/wp\/v2\/users\/1"}],"replies":[{"embeddable":true,"href":"https:\/\/notiexpress.com.bo\/index.php\/wp-json\/wp\/v2\/comments?post=4439"}],"version-history":[{"count":1,"href":"https:\/\/notiexpress.com.bo\/index.php\/wp-json\/wp\/v2\/pages\/4439\/revisions"}],"predecessor-version":[{"id":4441,"href":"https:\/\/notiexpress.com.bo\/index.php\/wp-json\/wp\/v2\/pages\/4439\/revisions\/4441"}],"wp:attachment":[{"href":"https:\/\/notiexpress.com.bo\/index.php\/wp-json\/wp\/v2\/media?parent=4439"}],"curies":[{"name":"wp","href":"https:\/\/api.w.org\/{rel}","templated":true}]}}